{"id":428,"date":"2024-12-06T19:10:43","date_gmt":"2024-12-06T19:10:43","guid":{"rendered":"https:\/\/antara.nexbu.dev\/?page_id=428"},"modified":"2025-02-04T01:08:19","modified_gmt":"2025-02-04T01:08:19","slug":"productos-mineros","status":"publish","type":"page","link":"https:\/\/antara.nexbu.dev\/index.php\/productos-mineros\/","title":{"rendered":"Productos mineros"},"content":{"rendered":"\t\t<div data-elementor-type=\"wp-page\" data-elementor-id=\"428\" class=\"elementor elementor-428\" data-elementor-post-type=\"page\">\n\t\t\t\t<div class=\"elementor-element elementor-element-9a41af7 e-flex e-con-boxed e-con e-parent\" data-id=\"9a41af7\" data-element_type=\"container\">\n\t\t\t\t\t<div class=\"e-con-inner\">\n\t\t<div class=\"elementor-element elementor-element-3379a5b e-con-full e-flex e-con e-child\" data-id=\"3379a5b\" data-element_type=\"container\" data-settings=\"{&quot;background_background&quot;:&quot;classic&quot;}\">\n\t\t<div class=\"elementor-element elementor-element-4b7c33e e-con-full e-flex e-con e-child\" data-id=\"4b7c33e\" data-element_type=\"container\">\n\t\t\t\t<div class=\"elementor-element elementor-element-8e242a4 elementor-widget__width-initial elementor-widget elementor-widget-heading\" data-id=\"8e242a4\" data-element_type=\"widget\" data-widget_type=\"heading.default\">\n\t\t\t\t\t<h2 class=\"elementor-heading-title elementor-size-default\">Productos mineros<\/h2>\t\t\t\t<\/div>\n\t\t\t\t<div class=\"elementor-element elementor-element-19b9bb4 elementor-widget__width-initial elementor-widget elementor-widget-heading\" data-id=\"19b9bb4\" data-element_type=\"widget\" data-widget_type=\"heading.default\">\n\t\t\t\t\t<h2 class=\"elementor-heading-title elementor-size-default\">En Antara contamos con m\u00e1s de 12 a\u00f1os de experiencia y conocimientos en el manejo de trazabilidad en miner\u00eda, colaborando y formando parte de la estrategia de los principales productores de cobre del mundo. <br>\nNuestra experiencia en el mercado nos ha llevado a ser uno de los l\u00edderes de trazabilidad en miner\u00eda, uniendo plantas de producci\u00f3n, log\u00edstica de producto minero y comercializaci\u00f3n y ventas.<\/h2>\t\t\t\t<\/div>\n\t\t\t\t<div class=\"elementor-element elementor-element-baf1005 elementor-widget elementor-widget-button\" data-id=\"baf1005\" data-element_type=\"widget\" data-widget_type=\"button.default\">\n\t\t\t\t\t\t\t\t\t\t<a class=\"elementor-button elementor-button-link elementor-size-sm\" href=\"#contacto\">\n\t\t\t\t\t\t<span class=\"elementor-button-content-wrapper\">\n\t\t\t\t\t\t<span class=\"elementor-button-icon\">\n\t\t\t\t<svg xmlns=\"http:\/\/www.w3.org\/2000\/svg\" width=\"20\" height=\"16\" viewBox=\"0 0 20 16\" fill=\"none\"><path fill-rule=\"evenodd\" clip-rule=\"evenodd\" d=\"M19.5297 7.46945C19.6701 7.61008 19.749 7.8007 19.749 7.99945C19.749 8.1982 19.6701 8.38883 19.5297 8.52945L12.5427 15.5295C12.4735 15.6011 12.3908 15.6583 12.2993 15.6976C12.2078 15.737 12.1094 15.7577 12.0098 15.7586C11.9103 15.7595 11.8115 15.7406 11.7193 15.703C11.6271 15.6653 11.5433 15.6096 11.4729 15.5392C11.4024 15.4689 11.3467 15.3852 11.309 15.293C11.2712 15.2008 11.2522 15.1021 11.253 15.0025C11.2538 14.9029 11.2745 14.8045 11.3137 14.713C11.353 14.6215 11.4101 14.5387 11.4817 14.4695L17.1897 8.75045L0.999683 8.76145C0.800771 8.76172 0.609901 8.68295 0.469061 8.54249C0.32822 8.40202 0.248949 8.21136 0.248684 8.01245C0.248418 7.81354 0.327181 7.62267 0.467645 7.48183C0.60811 7.34099 0.798771 7.26172 0.997682 7.26145L17.1917 7.25145L11.4807 1.52945C11.4091 1.46023 11.352 1.37745 11.3127 1.28593C11.2735 1.1944 11.2528 1.09598 11.252 0.996395C11.2512 0.896811 11.2702 0.798061 11.308 0.705906C11.3457 0.613752 11.4014 0.53004 11.4719 0.459654C11.5423 0.389268 11.6261 0.333618 11.7183 0.295951C11.8105 0.258283 11.9093 0.239353 12.0088 0.240265C12.1084 0.241177 12.2068 0.261913 12.2983 0.301263C12.3898 0.340612 12.4725 0.397787 12.5417 0.469451L19.5297 7.46945Z\" fill=\"#1B6EC2\"><\/path><\/svg>\t\t\t<\/span>\n\t\t\t\t\t\t\t\t\t<span class=\"elementor-button-text\">Cont\u00e1ctanos<\/span>\n\t\t\t\t\t<\/span>\n\t\t\t\t\t<\/a>\n\t\t\t\t\t\t\t\t<\/div>\n\t\t\t\t<\/div>\n\t\t\t\t<\/div>\n\t\t\t\t\t<\/div>\n\t\t\t\t<\/div>\n\t\t<div class=\"elementor-element elementor-element-77fb0ce e-flex e-con-boxed e-con e-parent\" data-id=\"77fb0ce\" data-element_type=\"container\">\n\t\t\t\t\t<div class=\"e-con-inner\">\n\t\t<div class=\"elementor-element elementor-element-bd95210 e-con-full e-flex e-con e-child\" data-id=\"bd95210\" data-element_type=\"container\">\n\t\t<div class=\"elementor-element elementor-element-01077e2 e-con-full e-flex e-con e-child\" data-id=\"01077e2\" data-element_type=\"container\">\n\t\t<div class=\"elementor-element elementor-element-2d11f4b e-con-full e-flex e-con e-child\" data-id=\"2d11f4b\" data-element_type=\"container\" data-settings=\"{&quot;background_background&quot;:&quot;classic&quot;}\">\n\t\t\t\t<div class=\"elementor-element elementor-element-056f021 elementor-widget__width-initial elementor-widget elementor-widget-heading\" data-id=\"056f021\" data-element_type=\"widget\" data-widget_type=\"heading.default\">\n\t\t\t\t\t<h2 class=\"elementor-heading-title elementor-size-default\">C\u00e1todos de cobre<\/h2>\t\t\t\t<\/div>\n\t\t\t\t<div class=\"elementor-element elementor-element-8c0a464 elementor-widget__width-initial elementor-hidden-tablet elementor-hidden-mobile elementor-widget elementor-widget-text-editor\" data-id=\"8c0a464\" data-element_type=\"widget\" data-widget_type=\"text-editor.default\">\n\t\t\t\t\t\t\t\t\t<p>Los C\u00e1todos de cobre son una de las formas de cobre comercializable que <br \/>presentan uno de los mayores grados de pureza alcanzando el 99,99%. Los<br \/>desaf\u00edos de la producci\u00f3n cat\u00f3dica apuntan directamente a cumplir cuotas de<br \/>producci\u00f3n cumpliendo tanto en calidad como en cantidad con sus clientes. Bajo <br \/>la implementaci\u00f3n de Antara en operaciones que producen C\u00e1todos de cobre, las <br \/>compa\u00f1\u00edas pueden trazar e integrar el proceso desde la producci\u00f3n en planta, <br \/>monitoreando datos como la calidad cat\u00f3dica, toneladas producidas,<br \/>inspecciones de patio, etc, hasta las integraciones con log\u00edstica y manejo de <br \/>diferentes ubicaciones del producto hasta su despacho final.<\/p>\t\t\t\t\t\t\t\t<\/div>\n\t\t\t\t<div class=\"elementor-element elementor-element-4b3cf4a elementor-widget__width-initial elementor-hidden-desktop elementor-widget elementor-widget-text-editor\" data-id=\"4b3cf4a\" data-element_type=\"widget\" data-widget_type=\"text-editor.default\">\n\t\t\t\t\t\t\t\t\t<p>Los C\u00e1todos de cobre son una de las formas de cobre comercializable que presentan uno de los mayores grados de pureza alcanzando el 99,99%. Los desaf\u00edos de la producci\u00f3n cat\u00f3dica apuntan directamente a cumplir cuotas de producci\u00f3n cumpliendo tanto en calidad como en cantidad con sus clientes. Bajo la implementaci\u00f3n de Antara en operaciones que producen C\u00e1todos de cobre, las compa\u00f1\u00edas pueden trazar e integrar el proceso desde la producci\u00f3n en planta, monitoreando datos como la calidad cat\u00f3dica, toneladas producidas, inspecciones de patio, etc, hasta las integraciones con log\u00edstica y manejo de diferentes ubicaciones del producto hasta su despacho final.<\/p>\t\t\t\t\t\t\t\t<\/div>\n\t\t\t\t<\/div>\n\t\t<div class=\"elementor-element elementor-element-f8fad93 e-con-full e-flex e-con e-child\" data-id=\"f8fad93\" data-element_type=\"container\" data-settings=\"{&quot;background_background&quot;:&quot;classic&quot;}\">\n\t\t\t\t<\/div>\n\t\t\t\t<\/div>\n\t\t<div class=\"elementor-element elementor-element-06806c5 e-con-full e-flex e-con e-child\" data-id=\"06806c5\" data-element_type=\"container\">\n\t\t<div class=\"elementor-element elementor-element-56ece9e e-con-full e-flex e-con e-child\" data-id=\"56ece9e\" data-element_type=\"container\" data-settings=\"{&quot;background_background&quot;:&quot;classic&quot;}\">\n\t\t\t\t<\/div>\n\t\t<div class=\"elementor-element elementor-element-c670ef2 e-con-full e-flex e-con e-child\" data-id=\"c670ef2\" data-element_type=\"container\" data-settings=\"{&quot;background_background&quot;:&quot;classic&quot;}\">\n\t\t\t\t<div class=\"elementor-element elementor-element-0f0c512 elementor-widget__width-initial elementor-absolute elementor-widget elementor-widget-image\" data-id=\"0f0c512\" data-element_type=\"widget\" data-settings=\"{&quot;_position&quot;:&quot;absolute&quot;}\" data-widget_type=\"image.default\">\n\t\t\t\t\t\t\t\t\t\t\t\t\t\t\t<img decoding=\"async\" width=\"58\" height=\"47\" src=\"https:\/\/antara.nexbu.dev\/wp-content\/uploads\/2025\/01\/Frame-1410120821.svg\" class=\"attachment-full size-full wp-image-9313\" alt=\"\" \/>\t\t\t\t\t\t\t\t\t\t\t\t\t\t\t<\/div>\n\t\t\t\t<div class=\"elementor-element elementor-element-7f3fcb1 elementor-widget__width-initial elementor-widget elementor-widget-heading\" data-id=\"7f3fcb1\" data-element_type=\"widget\" data-widget_type=\"heading.default\">\n\t\t\t\t\t<h2 class=\"elementor-heading-title elementor-size-default\">Concentrado de cobre<\/h2>\t\t\t\t<\/div>\n\t\t\t\t<div class=\"elementor-element elementor-element-eebe191 elementor-widget__width-initial elementor-widget elementor-widget-text-editor\" data-id=\"eebe191\" data-element_type=\"widget\" data-widget_type=\"text-editor.default\">\n\t\t\t\t\t\t\t\t\tAproximadamente el 85 % de los 23 millones de toneladas de producci\u00f3n mundial<br>\nanual de cobre procede de concentrados, convirti\u00e9ndolo en uno de los productos del <br>cobre m\u00e1s comercializados a nivel mundial. Desde Antara puedes manejar toda la<br> log\u00edstica del concentrado de cobre en 360 ya sea transportado internamente en <br>productores integrados o comercializado internacionalmente, incentivando la <br>cooperaci\u00f3n continua entre todas las partes. Maneja las toneladas de producto <br>diariamente de manera precisa y eficiente, desde la mina hasta el puerto de carga y<br> el receptor final.\t\t\t\t\t\t\t\t<\/div>\n\t\t\t\t<\/div>\n\t\t\t\t<\/div>\n\t\t\t\t<\/div>\n\t\t\t\t\t<\/div>\n\t\t\t\t<\/div>\n\t\t<div class=\"elementor-element elementor-element-57f6ae4 e-flex e-con-boxed e-con e-parent\" data-id=\"57f6ae4\" data-element_type=\"container\" data-settings=\"{&quot;background_background&quot;:&quot;classic&quot;}\">\n\t\t\t\t\t<div class=\"e-con-inner\">\n\t\t<div class=\"elementor-element elementor-element-8a38507 e-flex e-con-boxed e-con e-child\" data-id=\"8a38507\" data-element_type=\"container\" data-settings=\"{&quot;background_background&quot;:&quot;classic&quot;}\">\n\t\t\t\t\t<div class=\"e-con-inner\">\n\t\t\t\t<div class=\"elementor-element elementor-element-fd02eef elementor-widget elementor-widget-heading\" data-id=\"fd02eef\" data-element_type=\"widget\" data-widget_type=\"heading.default\">\n\t\t\t\t\t<h2 class=\"elementor-heading-title elementor-size-default\">Molibdeno<\/h2>\t\t\t\t<\/div>\n\t\t\t\t<div class=\"elementor-element elementor-element-5bbffa1 elementor-widget__width-inherit elementor-hidden-tablet elementor-hidden-mobile elementor-widget elementor-widget-text-editor\" data-id=\"5bbffa1\" data-element_type=\"widget\" data-widget_type=\"text-editor.default\">\n\t\t\t\t\t\t\t\t\t<p>El Molibdeno es un mineral generado directamente como subproducto del<br \/>cobre, presente entre el 0,01 y un 0,5 % de las minas. La extracci\u00f3n de<br \/>molibdeno tiene sus complejidades propias, al ser un subproducto de la<br \/>extracci\u00f3n de cobre, presenta grandes desaf\u00edos en cuanto a la eficiencia de su<br \/>producci\u00f3n y manejo de carga efectiva.<br \/>Las compa\u00f1\u00edas extractoras de Molibdeno que se encuentran implementando<br \/>Antara, logran manejar con mayor eficiencia las fases de producci\u00f3n y<br \/>comercializaci\u00f3n del producto, integrando pesajes y log\u00edstica a sus planes de<br \/>comercializaci\u00f3n.<\/p>\t\t\t\t\t\t\t\t<\/div>\n\t\t\t\t<div class=\"elementor-element elementor-element-5c523ee elementor-widget__width-inherit elementor-hidden-desktop elementor-widget-mobile__width-initial elementor-widget elementor-widget-text-editor\" data-id=\"5c523ee\" data-element_type=\"widget\" data-widget_type=\"text-editor.default\">\n\t\t\t\t\t\t\t\t\t<p>El Molibdeno es un mineral generado directamente como subproducto del cobre, presente entre el 0,01 y un 0,5 % de las minas. La extracci\u00f3n de molibdeno tiene sus complejidades propias, al ser un subproducto de la extracci\u00f3n de cobre, presenta grandes desaf\u00edos en cuanto a la eficiencia de su producci\u00f3n y manejo de carga efectiva. Las compa\u00f1\u00edas extractoras de Molibdeno que se encuentran implementando Antara, logran manejar con mayor eficiencia las fases de producci\u00f3n y comercializaci\u00f3n del producto, integrando pesajes y log\u00edstica a sus planes de comercializaci\u00f3n.<\/p>\t\t\t\t\t\t\t\t<\/div>\n\t\t\t\t\t<\/div>\n\t\t\t\t<\/div>\n\t\t<div class=\"elementor-element elementor-element-89348c8 e-con-full e-flex e-con e-child\" data-id=\"89348c8\" data-element_type=\"container\" data-settings=\"{&quot;background_background&quot;:&quot;classic&quot;}\">\n\t\t\t\t<\/div>\n\t\t\t\t\t<\/div>\n\t\t\t\t<\/div>\n\t\t<div class=\"elementor-element elementor-element-69e14f3 e-flex e-con-boxed e-con e-parent\" data-id=\"69e14f3\" data-element_type=\"container\">\n\t\t\t\t\t<div class=\"e-con-inner\">\n\t\t<div class=\"elementor-element elementor-element-f65dc45 e-con-full e-flex e-con e-child\" data-id=\"f65dc45\" data-element_type=\"container\">\n\t\t<div class=\"elementor-element elementor-element-0590bd3 e-con-full e-flex e-con e-child\" data-id=\"0590bd3\" data-element_type=\"container\">\n\t\t\t\t<div class=\"elementor-element elementor-element-9d0b20d elementor-widget elementor-widget-heading\" data-id=\"9d0b20d\" data-element_type=\"widget\" data-widget_type=\"heading.default\">\n\t\t\t\t\t<h2 class=\"elementor-heading-title elementor-size-default\">Otros minerales<\/h2>\t\t\t\t<\/div>\n\t\t\t\t<div class=\"elementor-element elementor-element-e013136 elementor-widget-mobile__width-inherit elementor-widget elementor-widget-text-editor\" data-id=\"e013136\" data-element_type=\"widget\" data-widget_type=\"text-editor.default\">\n\t\t\t\t\t\t\t\t\t<p>La gran mayor\u00eda de los productos mineros o derivados de la industria minera, pueden lograr ser trazables en sus frases de producci\u00f3n, log\u00edstica y comercializaci\u00f3n. Desde \u00e1cido Sulf\u00farico, carb\u00f3n, oro, plata, etc. La trazabilidad es parte de un nuevo est\u00e1ndar mundial en el manejo de la extracci\u00f3n, porque entrega la posibilidad de obtener datos certeros de los movimientos de las diferentes etapas de estos productos y generar una industria productiva m\u00e1s transparente y confiable.<\/p>\t\t\t\t\t\t\t\t<\/div>\n\t\t\t\t<\/div>\n\t\t<div class=\"elementor-element elementor-element-c24ffc6 e-con-full e-flex e-con e-child\" data-id=\"c24ffc6\" data-element_type=\"container\" data-settings=\"{&quot;background_background&quot;:&quot;classic&quot;}\">\n\t\t\t\t<div class=\"elementor-element elementor-element-c83302b elementor-widget elementor-widget-image\" data-id=\"c83302b\" data-element_type=\"widget\" data-widget_type=\"image.default\">\n\t\t\t\t\t\t\t\t\t\t\t\t\t\t\t<img fetchpriority=\"high\" decoding=\"async\" width=\"313\" height=\"416\" src=\"https:\/\/antara.nexbu.dev\/wp-content\/uploads\/2025\/01\/Frame-1410120816-3.png\" class=\"attachment-full size-full wp-image-7737\" alt=\"\" srcset=\"https:\/\/antara.nexbu.dev\/wp-content\/uploads\/2025\/01\/Frame-1410120816-3.png 313w, https:\/\/antara.nexbu.dev\/wp-content\/uploads\/2025\/01\/Frame-1410120816-3-226x300.png 226w\" sizes=\"(max-width: 313px) 100vw, 313px\" \/>\t\t\t\t\t\t\t\t\t\t\t\t\t\t\t<\/div>\n\t\t\t\t<\/div>\n\t\t\t\t<\/div>\n\t\t\t\t\t<\/div>\n\t\t\t\t<\/div>\n\t\t<div class=\"elementor-element elementor-element-fe9b8b0 e-flex e-con-boxed e-con e-parent\" data-id=\"fe9b8b0\" data-element_type=\"container\">\n\t\t\t\t\t<div class=\"e-con-inner\">\n\t\t\t\t<div class=\"elementor-element elementor-element-b561ef7 elementor-widget elementor-widget-menu-anchor\" data-id=\"b561ef7\" data-element_type=\"widget\" data-widget_type=\"menu-anchor.default\">\n\t\t\t\t\t\t\t<div class=\"elementor-menu-anchor\" id=\"contacto\"><\/div>\n\t\t\t\t\t\t<\/div>\n\t\t<div class=\"elementor-element elementor-element-470c24e e-con-full e-flex e-con e-child\" data-id=\"470c24e\" data-element_type=\"container\" data-settings=\"{&quot;background_background&quot;:&quot;classic&quot;}\">\n\t\t<div class=\"elementor-element elementor-element-d1f42cd e-con-full e-flex e-con e-child\" data-id=\"d1f42cd\" data-element_type=\"container\" data-settings=\"{&quot;background_background&quot;:&quot;classic&quot;}\">\n\t\t\t\t<div class=\"elementor-element elementor-element-f00180c elementor-widget-mobile__width-initial elementor-widget elementor-widget-heading\" data-id=\"f00180c\" data-element_type=\"widget\" data-widget_type=\"heading.default\">\n\t\t\t\t\t<h2 class=\"elementor-heading-title elementor-size-default\">\u00bfListo para comenzar?<\/h2>\t\t\t\t<\/div>\n\t\t\t\t<div class=\"elementor-element elementor-element-126ca66 elementor-widget elementor-widget-heading\" data-id=\"126ca66\" data-element_type=\"widget\" data-widget_type=\"heading.default\">\n\t\t\t\t\t<h2 class=\"elementor-heading-title elementor-size-default\">Ponte en contacto con nosotros para a llevar tu proyecto al siguiente nivel.<\/h2>\t\t\t\t<\/div>\n\t\t\t\t<div class=\"elementor-element elementor-element-6cf56b1 elementor-button-align-stretch elementor-widget elementor-widget-form\" data-id=\"6cf56b1\" data-element_type=\"widget\" data-settings=\"{&quot;step_next_label&quot;:&quot;Siguiente&quot;,&quot;step_previous_label&quot;:&quot;Anterior&quot;,&quot;button_width&quot;:&quot;100&quot;,&quot;step_type&quot;:&quot;number_text&quot;,&quot;step_icon_shape&quot;:&quot;circle&quot;}\" data-widget_type=\"form.default\">\n\t\t\t\t<div class=\"elementor-widget-container\">\n\t\t\t\t\t\t\t<form class=\"elementor-form\" method=\"post\" name=\"Nuevo formulario\">\n\t\t\t<input type=\"hidden\" name=\"post_id\" value=\"428\"\/>\n\t\t\t<input type=\"hidden\" name=\"form_id\" value=\"6cf56b1\"\/>\n\t\t\t<input type=\"hidden\" name=\"referer_title\" value=\"Productos mineros\" \/>\n\n\t\t\t\t\t\t\t<input type=\"hidden\" name=\"queried_id\" value=\"428\"\/>\n\t\t\t\n\t\t\t<div class=\"elementor-form-fields-wrapper elementor-labels-\">\n\t\t\t\t\t\t\t\t<div class=\"elementor-field-type-text elementor-field-group elementor-column elementor-field-group-name elementor-col-50\">\n\t\t\t\t\t\t\t\t\t\t\t\t<label for=\"form-field-name\" class=\"elementor-field-label elementor-screen-only\">\n\t\t\t\t\t\t\t\tNombre\t\t\t\t\t\t\t<\/label>\n\t\t\t\t\t\t\t\t\t\t\t\t\t\t<input size=\"1\" type=\"text\" name=\"form_fields[name]\" id=\"form-field-name\" class=\"elementor-field elementor-size-sm  elementor-field-textual\" placeholder=\"Nombre\">\n\t\t\t\t\t\t\t\t\t\t\t<\/div>\n\t\t\t\t\t\t\t\t<div class=\"elementor-field-type-email elementor-field-group elementor-column elementor-field-group-email elementor-col-50 elementor-field-required\">\n\t\t\t\t\t\t\t\t\t\t\t\t<label for=\"form-field-email\" class=\"elementor-field-label elementor-screen-only\">\n\t\t\t\t\t\t\t\tEmail\t\t\t\t\t\t\t<\/label>\n\t\t\t\t\t\t\t\t\t\t\t\t\t\t<input size=\"1\" type=\"email\" name=\"form_fields[email]\" id=\"form-field-email\" class=\"elementor-field elementor-size-sm  elementor-field-textual\" placeholder=\"Email\" required=\"required\" aria-required=\"true\">\n\t\t\t\t\t\t\t\t\t\t\t<\/div>\n\t\t\t\t\t\t\t\t<div class=\"elementor-field-type-tel elementor-field-group elementor-column elementor-field-group-field_a61ec81 elementor-col-50 elementor-field-required\">\n\t\t\t\t\t\t\t\t\t\t\t\t<label for=\"form-field-field_a61ec81\" class=\"elementor-field-label elementor-screen-only\">\n\t\t\t\t\t\t\t\tTel\u00e9fono\t\t\t\t\t\t\t<\/label>\n\t\t\t\t\t\t\t\t<input size=\"1\" type=\"tel\" name=\"form_fields[field_a61ec81]\" id=\"form-field-field_a61ec81\" class=\"elementor-field elementor-size-sm  elementor-field-textual\" placeholder=\"Tel\u00e9fono\" required=\"required\" aria-required=\"true\" pattern=\"[0-9()#&amp;+*-=.]+\" title=\"Solo se aceptan n\u00fameros y caracteres de tel\u00e9fono (#,-,*,etc).\">\n\n\t\t\t\t\t\t<\/div>\n\t\t\t\t\t\t\t\t<div class=\"elementor-field-type-text elementor-field-group elementor-column elementor-field-group-field_eb399e9 elementor-col-50 elementor-field-required\">\n\t\t\t\t\t\t\t\t\t\t\t\t<label for=\"form-field-field_eb399e9\" class=\"elementor-field-label elementor-screen-only\">\n\t\t\t\t\t\t\t\tCompa\u00f1\u00eda\t\t\t\t\t\t\t<\/label>\n\t\t\t\t\t\t\t\t\t\t\t\t\t\t<input size=\"1\" type=\"text\" name=\"form_fields[field_eb399e9]\" id=\"form-field-field_eb399e9\" class=\"elementor-field elementor-size-sm  elementor-field-textual\" placeholder=\"Compa\u00f1\u00eda\" required=\"required\" aria-required=\"true\">\n\t\t\t\t\t\t\t\t\t\t\t<\/div>\n\t\t\t\t\t\t\t\t<div class=\"elementor-field-type-textarea elementor-field-group elementor-column elementor-field-group-message elementor-col-100\">\n\t\t\t\t\t\t\t\t\t\t\t\t<label for=\"form-field-message\" class=\"elementor-field-label elementor-screen-only\">\n\t\t\t\t\t\t\t\tMensaje\t\t\t\t\t\t\t<\/label>\n\t\t\t\t\t\t<textarea class=\"elementor-field-textual elementor-field  elementor-size-sm\" name=\"form_fields[message]\" id=\"form-field-message\" rows=\"4\" placeholder=\"Mensaje\"><\/textarea>\t\t\t\t<\/div>\n\t\t\t\t\t\t\t\t<div class=\"elementor-field-group elementor-column elementor-field-type-submit elementor-col-100 e-form__buttons\">\n\t\t\t\t\t<button class=\"elementor-button elementor-size-sm\" type=\"submit\">\n\t\t\t\t\t\t<span class=\"elementor-button-content-wrapper\">\n\t\t\t\t\t\t\t\t\t\t\t\t\t\t\t\t\t\t\t\t\t\t<span class=\"elementor-button-text\">Enviar<\/span>\n\t\t\t\t\t\t\t\t\t\t\t\t\t<\/span>\n\t\t\t\t\t<\/button>\n\t\t\t\t<\/div>\n\t\t\t<\/div>\n\t\t<\/form>\n\t\t\t\t\t\t<\/div>\n\t\t\t\t<\/div>\n\t\t\t\t<\/div>\n\t\t\t\t<\/div>\n\t\t\t\t\t<\/div>\n\t\t\t\t<\/div>\n\t\t\t\t<\/div>\n\t\t","protected":false},"excerpt":{"rendered":"<p>Productos mineros En Antara contamos con m\u00e1s de 12 a\u00f1os de experiencia y conocimientos en el manejo de trazabilidad en miner\u00eda, colaborando y formando parte de la estrategia de los principales productores de cobre del mundo. Nuestra experiencia en el mercado nos ha llevado a ser uno de los l\u00edderes de trazabilidad en miner\u00eda, uniendo [&hellip;]<\/p>\n","protected":false},"author":1,"featured_media":0,"parent":0,"menu_order":0,"comment_status":"closed","ping_status":"closed","template":"elementor_header_footer","meta":{"_acf_changed":false,"footnotes":""},"class_list":["post-428","page","type-page","status-publish","hentry"],"acf":[],"_links":{"self":[{"href":"https:\/\/antara.nexbu.dev\/index.php\/wp-json\/wp\/v2\/pages\/428","targetHints":{"allow":["GET"]}}],"collection":[{"href":"https:\/\/antara.nexbu.dev\/index.php\/wp-json\/wp\/v2\/pages"}],"about":[{"href":"https:\/\/antara.nexbu.dev\/index.php\/wp-json\/wp\/v2\/types\/page"}],"author":[{"embeddable":true,"href":"https:\/\/antara.nexbu.dev\/index.php\/wp-json\/wp\/v2\/users\/1"}],"replies":[{"embeddable":true,"href":"https:\/\/antara.nexbu.dev\/index.php\/wp-json\/wp\/v2\/comments?post=428"}],"version-history":[{"count":460,"href":"https:\/\/antara.nexbu.dev\/index.php\/wp-json\/wp\/v2\/pages\/428\/revisions"}],"predecessor-version":[{"id":10300,"href":"https:\/\/antara.nexbu.dev\/index.php\/wp-json\/wp\/v2\/pages\/428\/revisions\/10300"}],"wp:attachment":[{"href":"https:\/\/antara.nexbu.dev\/index.php\/wp-json\/wp\/v2\/media?parent=428"}],"curies":[{"name":"wp","href":"https:\/\/api.w.org\/{rel}","templated":true}]}}